{"id":18,"date":"2026-02-24T09:57:58","date_gmt":"2026-02-24T09:57:58","guid":{"rendered":"https:\/\/teamtritrend.hu\/?page_id=18"},"modified":"2026-03-18T20:41:42","modified_gmt":"2026-03-18T20:41:42","slug":"egyesulet","status":"publish","type":"page","link":"https:\/\/teamtritrend.hu\/","title":{"rendered":"Egyes\u00fclet"},"content":{"rendered":"\t\t<div data-elementor-type=\"wp-page\" data-elementor-id=\"18\" class=\"elementor elementor-18\" data-elementor-post-type=\"page\">\n\t\t\t\t<div class=\"elementor-element elementor-element-3e348c9e e-con-full e-flex e-con e-parent\" data-id=\"3e348c9e\" data-element_type=\"container\" data-e-type=\"container\" data-settings=\"{&quot;background_background&quot;:&quot;classic&quot;}\">\n\t\t\t\t<div class=\"elementor-element elementor-element-29ee9608 elementor-absolute elementor-widget elementor-widget-heading\" data-id=\"29ee9608\" data-element_type=\"widget\" data-e-type=\"widget\" data-settings=\"{&quot;_position&quot;:&quot;absolute&quot;}\" data-widget_type=\"heading.default\">\n\t\t\t\t\t<h1 class=\"elementor-heading-title elementor-size-default\">NEM K\u00f6nny\u0171, Ez\u00e9rt csin\u00e1ljuk.<\/h1>\t\t\t\t<\/div>\n\t\t\t\t<\/div>\n\t\t<div class=\"elementor-element elementor-element-750f49ef e-con-full e-flex e-con e-parent\" data-id=\"750f49ef\" data-element_type=\"container\" data-e-type=\"container\" data-settings=\"{&quot;background_background&quot;:&quot;classic&quot;}\">\n\t\t<div class=\"elementor-element elementor-element-6a63d90a e-con-full e-flex e-con e-child\" data-id=\"6a63d90a\" data-element_type=\"container\" data-e-type=\"container\" data-settings=\"{&quot;background_background&quot;:&quot;classic&quot;}\">\n\t\t\t\t<div class=\"elementor-element elementor-element-3b0612db elementor-widget elementor-widget-heading\" data-id=\"3b0612db\" data-element_type=\"widget\" data-e-type=\"widget\" data-widget_type=\"heading.default\">\n\t\t\t\t\t<h6 class=\"elementor-heading-title elementor-size-default\">Egyes\u00fclet<\/h6>\t\t\t\t<\/div>\n\t\t\t\t<div class=\"elementor-element elementor-element-5031a316 elementor-widget__width-initial elementor-widget elementor-widget-heading\" data-id=\"5031a316\" data-element_type=\"widget\" data-e-type=\"widget\" data-widget_type=\"heading.default\">\n\t\t\t\t\t<h3 class=\"elementor-heading-title elementor-size-default\">Egyes\u00fclet\u00fcnk 2021-ben alakult azzal a c\u00e9llal, hogy \u00f6sszehozzuk mindazokat, akik szeretnek mozogni, fejl\u0151dni \u00e9s k\u00f6z\u00f6ss\u00e9gben sportolni. A triatlon sz\u00e1munkra nem csak h\u00e1rom sport\u00e1g egym\u00e1s ut\u00e1n, hanem \u00e9lm\u00e9ny, kih\u00edv\u00e1s \u00e9s k\u00f6z\u00f6s siker.\n\nN\u00e1lunk mindenki a saj\u00e1t temp\u00f3j\u00e1ban haladhat, legyen sz\u00f3 els\u0151 versenyre k\u00e9sz\u00fcl\u0151r\u0151l vagy tapasztalt versenyz\u0151r\u0151l. Edz\u00e9seinken t\u00e1mogatjuk \u00e9s motiv\u00e1ljuk egym\u00e1st, mert hissz\u00fck, hogy a fejl\u0151d\u00e9shez nemcsak kitart\u00e1s, hanem j\u00f3 csapat is kell.\n\nSz\u00e1munkra a legnagyobb eredm\u00e9ny, amikor egy\u00fctt \u00e9r\u00fcnk c\u00e9lba \u2013 ak\u00e1r a p\u00e1ly\u00e1n, ak\u00e1r a mindennapok kih\u00edv\u00e1saiban.<\/h3>\t\t\t\t<\/div>\n\t\t\t\t<\/div>\n\t\t<div class=\"elementor-element elementor-element-7c8717df e-con-full e-flex e-con e-child\" data-id=\"7c8717df\" data-element_type=\"container\" data-e-type=\"container\" data-settings=\"{&quot;background_background&quot;:&quot;classic&quot;}\">\n\t\t\t\t<\/div>\n\t\t\t\t<\/div>\n\t\t\t\t<\/div>\n\t\t","protected":false},"excerpt":{"rendered":"<p>NEM K\u00f6nny\u0171, Ez\u00e9rt csin\u00e1ljuk. Egyes\u00fclet Egyes\u00fclet\u00fcnk 2021-ben alakult azzal a c\u00e9llal, hogy \u00f6sszehozzuk mindazokat, akik szeretnek mozogni, fejl\u0151dni \u00e9s k\u00f6z\u00f6ss\u00e9gben sportolni. A triatlon sz\u00e1munkra nem csak h\u00e1rom sport\u00e1g egym\u00e1s ut\u00e1n, hanem \u00e9lm\u00e9ny, kih\u00edv\u00e1s \u00e9s k\u00f6z\u00f6s siker. N\u00e1lunk mindenki a saj\u00e1t temp\u00f3j\u00e1ban haladhat, legyen sz\u00f3 els\u0151 versenyre k\u00e9sz\u00fcl\u0151r\u0151l vagy tapasztalt versenyz\u0151r\u0151l. Edz\u00e9seinken t\u00e1mogatjuk \u00e9s motiv\u00e1ljuk egym\u00e1st, [&hellip;]<\/p>\n","protected":false},"author":1,"featured_media":0,"parent":0,"menu_order":0,"comment_status":"closed","ping_status":"closed","template":"","meta":{"footnotes":""},"class_list":["post-18","page","type-page","status-publish","hentry","entry"],"_links":{"self":[{"href":"https:\/\/teamtritrend.hu\/index.php\/wp-json\/wp\/v2\/pages\/18","targetHints":{"allow":["GET"]}}],"collection":[{"href":"https:\/\/teamtritrend.hu\/index.php\/wp-json\/wp\/v2\/pages"}],"about":[{"href":"https:\/\/teamtritrend.hu\/index.php\/wp-json\/wp\/v2\/types\/page"}],"author":[{"embeddable":true,"href":"https:\/\/teamtritrend.hu\/index.php\/wp-json\/wp\/v2\/users\/1"}],"replies":[{"embeddable":true,"href":"https:\/\/teamtritrend.hu\/index.php\/wp-json\/wp\/v2\/comments?post=18"}],"version-history":[{"count":100,"href":"https:\/\/teamtritrend.hu\/index.php\/wp-json\/wp\/v2\/pages\/18\/revisions"}],"predecessor-version":[{"id":435,"href":"https:\/\/teamtritrend.hu\/index.php\/wp-json\/wp\/v2\/pages\/18\/revisions\/435"}],"wp:attachment":[{"href":"https:\/\/teamtritrend.hu\/index.php\/wp-json\/wp\/v2\/media?parent=18"}],"curies":[{"name":"wp","href":"https:\/\/api.w.org\/{rel}","templated":true}]}}