{"id":20,"date":"2026-02-24T09:59:16","date_gmt":"2026-02-24T09:59:16","guid":{"rendered":"https:\/\/teamtritrend.hu\/?page_id=20"},"modified":"2026-03-18T21:22:35","modified_gmt":"2026-03-18T21:22:35","slug":"edzesek","status":"publish","type":"page","link":"https:\/\/teamtritrend.hu\/index.php\/edzesek\/","title":{"rendered":"Edz\u00e9sek"},"content":{"rendered":"\t\t<div data-elementor-type=\"wp-page\" data-elementor-id=\"20\" class=\"elementor elementor-20\" data-elementor-post-type=\"page\">\n\t\t\t\t<div class=\"elementor-element elementor-element-4a9fc81 e-con-full e-flex e-con e-parent\" data-id=\"4a9fc81\" data-element_type=\"container\" data-e-type=\"container\">\n\t\t\t\t<div class=\"elementor-element elementor-element-1328447 elementor-widget elementor-widget-image\" data-id=\"1328447\" data-element_type=\"widget\" data-e-type=\"widget\" data-widget_type=\"image.default\">\n\t\t\t\t\t\t\t\t\t\t\t\t\t\t\t<img fetchpriority=\"high\" decoding=\"async\" width=\"1024\" height=\"683\" src=\"https:\/\/teamtritrend.hu\/wp-content\/uploads\/2026\/02\/tt8-1024x683.jpg\" class=\"attachment-large size-large wp-image-188\" alt=\"\" srcset=\"https:\/\/teamtritrend.hu\/wp-content\/uploads\/2026\/02\/tt8-1024x683.jpg 1024w, https:\/\/teamtritrend.hu\/wp-content\/uploads\/2026\/02\/tt8-300x200.jpg 300w, https:\/\/teamtritrend.hu\/wp-content\/uploads\/2026\/02\/tt8-768x512.jpg 768w, https:\/\/teamtritrend.hu\/wp-content\/uploads\/2026\/02\/tt8-1536x1024.jpg 1536w, https:\/\/teamtritrend.hu\/wp-content\/uploads\/2026\/02\/tt8.jpg 1890w\" sizes=\"(max-width: 1024px) 100vw, 1024px\" \/>\t\t\t\t\t\t\t\t\t\t\t\t\t\t\t<\/div>\n\t\t\t\t<\/div>\n\t\t<div class=\"elementor-element elementor-element-257da21c e-con-full e-flex e-con e-parent\" data-id=\"257da21c\" data-element_type=\"container\" data-e-type=\"container\" data-settings=\"{&quot;background_background&quot;:&quot;gradient&quot;}\">\n\t\t<div class=\"elementor-element elementor-element-4450bf0f e-con-full e-flex e-con e-child\" data-id=\"4450bf0f\" data-element_type=\"container\" data-e-type=\"container\">\n\t\t\t\t<div class=\"elementor-element elementor-element-2a108a04 elementor-widget__width-inherit elementor-widget-divider--view-line elementor-invisible elementor-widget elementor-widget-divider\" data-id=\"2a108a04\" data-element_type=\"widget\" data-e-type=\"widget\" data-settings=\"{&quot;_animation&quot;:&quot;fadeInLeft&quot;}\" data-widget_type=\"divider.default\">\n\t\t\t\t\t\t\t<div class=\"elementor-divider\">\n\t\t\t<span class=\"elementor-divider-separator\">\n\t\t\t\t\t\t<\/span>\n\t\t<\/div>\n\t\t\t\t\t\t<\/div>\n\t\t\t\t<div class=\"elementor-element elementor-element-59f68492 elementor-widget__width-initial elementor-widget-tablet__width-inherit elementor-widget elementor-widget-heading\" data-id=\"59f68492\" data-element_type=\"widget\" data-e-type=\"widget\" data-widget_type=\"heading.default\">\n\t\t\t\t\t<h2 class=\"elementor-heading-title elementor-size-default\">Edz\u00e9sek<\/h2>\t\t\t\t<\/div>\n\t\t\t\t<div class=\"elementor-element elementor-element-70a8dcba elementor-widget__width-initial elementor-widget-tablet__width-inherit elementor-widget elementor-widget-text-editor\" data-id=\"70a8dcba\" data-element_type=\"widget\" data-e-type=\"widget\" data-widget_type=\"text-editor.default\">\n\t\t\t\t\t\t\t\t\t<p><strong>\u00dasz\u00e1s<\/strong> &#8211;<\/p><p>id\u0151pont: h\u00e9tf\u0151 &#8211; szerda &#8211; p\u00e9ntek 6.55-7.55<\/p><p>helysz\u00edn: Haj\u00f3s Alfr\u00e9d Nemzeti Sporuszoda &#8211; Margitsziget<\/p><p><strong>Fut\u00e1s<\/strong> &#8211;\u00a0<\/p><p>id\u0151pont: kedd 18:00-19:00<\/p><p>helysz\u00edn: Margitszigeti Atl\u00e9tikai Centrum &#8211; Margitsziget<\/p><p><strong>K\u00f6redz\u00e9s \u00e9s Core tr\u00e9ning<\/strong> &#8211;<\/p><p>id\u0151pont: szerda 16:00-20:00<\/p><p>helysz\u00edn: ReStart St\u00fadi\u00f3 &#8211; Visegr\u00e1di utca 19.<\/p><p><strong>Ker\u00e9kp\u00e1r<\/strong> &#8211;\u00a0<\/p><p>figyeld az esem\u00e9nyeket<\/p>\t\t\t\t\t\t\t\t<\/div>\n\t\t\t\t<\/div>\n\t\t\t\t<\/div>\n\t\t\t\t<\/div>\n\t\t","protected":false},"excerpt":{"rendered":"<p>Edz\u00e9sek \u00dasz\u00e1s &#8211; id\u0151pont: h\u00e9tf\u0151 &#8211; szerda &#8211; p\u00e9ntek 6.55-7.55 helysz\u00edn: Haj\u00f3s Alfr\u00e9d Nemzeti Sporuszoda &#8211; Margitsziget Fut\u00e1s &#8211;\u00a0 id\u0151pont: kedd 18:00-19:00 helysz\u00edn: Margitszigeti Atl\u00e9tikai Centrum &#8211; Margitsziget K\u00f6redz\u00e9s \u00e9s Core tr\u00e9ning &#8211; id\u0151pont: szerda 16:00-20:00 helysz\u00edn: ReStart St\u00fadi\u00f3 &#8211; Visegr\u00e1di utca 19. Ker\u00e9kp\u00e1r &#8211;\u00a0 figyeld az esem\u00e9nyeket<\/p>\n","protected":false},"author":1,"featured_media":0,"parent":0,"menu_order":0,"comment_status":"closed","ping_status":"closed","template":"","meta":{"footnotes":""},"class_list":["post-20","page","type-page","status-publish","hentry","entry"],"_links":{"self":[{"href":"https:\/\/teamtritrend.hu\/index.php\/wp-json\/wp\/v2\/pages\/20","targetHints":{"allow":["GET"]}}],"collection":[{"href":"https:\/\/teamtritrend.hu\/index.php\/wp-json\/wp\/v2\/pages"}],"about":[{"href":"https:\/\/teamtritrend.hu\/index.php\/wp-json\/wp\/v2\/types\/page"}],"author":[{"embeddable":true,"href":"https:\/\/teamtritrend.hu\/index.php\/wp-json\/wp\/v2\/users\/1"}],"replies":[{"embeddable":true,"href":"https:\/\/teamtritrend.hu\/index.php\/wp-json\/wp\/v2\/comments?post=20"}],"version-history":[{"count":55,"href":"https:\/\/teamtritrend.hu\/index.php\/wp-json\/wp\/v2\/pages\/20\/revisions"}],"predecessor-version":[{"id":466,"href":"https:\/\/teamtritrend.hu\/index.php\/wp-json\/wp\/v2\/pages\/20\/revisions\/466"}],"wp:attachment":[{"href":"https:\/\/teamtritrend.hu\/index.php\/wp-json\/wp\/v2\/media?parent=20"}],"curies":[{"name":"wp","href":"https:\/\/api.w.org\/{rel}","templated":true}]}}